{"id":1516,"date":"2022-04-13T06:40:57","date_gmt":"2022-04-13T04:40:57","guid":{"rendered":"https:\/\/hartmann.zumzeigen.de\/produkte-copy\/"},"modified":"2022-04-13T06:59:54","modified_gmt":"2022-04-13T04:59:54","slug":"unternehmen","status":"publish","type":"page","link":"https:\/\/hartmann.zumzeigen.de\/?page_id=1516","title":{"rendered":"Unternehmen"},"content":{"rendered":"\t\t<div data-elementor-type=\"wp-page\" data-elementor-id=\"1516\" class=\"elementor elementor-1516\">\n\t\t\t\t\t\t<section class=\"elementor-section elementor-top-section elementor-element elementor-element-6b8ea43 elementor-section-boxed elementor-section-height-default elementor-section-height-default row-top\" data-id=\"6b8ea43\" data-element_type=\"section\">\n\t\t\t\t\t\t<div class=\"elementor-container elementor-column-gap-default\">\n\t\t\t\t\t<div class=\"elementor-column elementor-col-100 elementor-top-column elementor-element elementor-element-f9cb0c4 column-style-top\" data-id=\"f9cb0c4\" data-element_type=\"column\">\n\t\t\t<div class=\"elementor-widget-wrap\">\n\t\t\t\t\t\t\t<\/div>\n\t\t<\/div>\n\t\t\t\t\t<\/div>\n\t\t<\/section>\n\t\t\t\t<section class=\"elementor-section elementor-top-section elementor-element elementor-element-77ffe7f elementor-section-full_width elementor-section-height-default elementor-section-height-default row-top\" data-id=\"77ffe7f\" data-element_type=\"section\">\n\t\t\t\t\t\t<div class=\"elementor-container elementor-column-gap-default\">\n\t\t\t\t\t<div class=\"elementor-column elementor-col-100 elementor-top-column elementor-element elementor-element-0039c34 column-style-top\" data-id=\"0039c34\" data-element_type=\"column\">\n\t\t\t<div class=\"elementor-widget-wrap elementor-element-populated\">\n\t\t\t\t\t\t<div class=\"elementor-element elementor-element-4282c99 elementor-widget elementor-widget-image\" data-id=\"4282c99\" data-element_type=\"widget\" data-widget_type=\"image.default\">\n\t\t\t\t<div class=\"elementor-widget-container\">\n\t\t\t<style>\/*! elementor - v3.23.0 - 05-08-2024 *\/\n.elementor-widget-image{text-align:center}.elementor-widget-image a{display:inline-block}.elementor-widget-image a img[src$=\".svg\"]{width:48px}.elementor-widget-image img{vertical-align:middle;display:inline-block}<\/style>\t\t\t\t\t\t\t\t\t\t<img decoding=\"async\" src=\"https:\/\/hartmann.zumzeigen.de\/wp-content\/uploads\/2022\/04\/head1.jpg\" title=\"head1\" alt=\"head1\" loading=\"lazy\" \/>\t\t\t\t\t\t\t\t\t\t\t\t\t<\/div>\n\t\t\t\t<\/div>\n\t\t\t\t\t<\/div>\n\t\t<\/div>\n\t\t\t\t\t<\/div>\n\t\t<\/section>\n\t\t\t\t<section class=\"elementor-section elementor-top-section elementor-element elementor-element-422166a elementor-section-boxed elementor-section-height-default elementor-section-height-default row-top\" data-id=\"422166a\" data-element_type=\"section\">\n\t\t\t\t\t\t<div class=\"elementor-container elementor-column-gap-no\">\n\t\t\t\t\t<div class=\"elementor-column elementor-col-50 elementor-top-column elementor-element elementor-element-f86c121 column-style-top\" data-id=\"f86c121\" data-element_type=\"column\">\n\t\t\t<div class=\"elementor-widget-wrap elementor-element-populated\">\n\t\t\t\t\t\t<div class=\"elementor-element elementor-element-9c45764 elementor-widget elementor-widget-gva-heading-block\" data-id=\"9c45764\" data-element_type=\"widget\" data-widget_type=\"gva-heading-block.default\">\n\t\t\t\t<div class=\"elementor-widget-container\">\n\t\t\t<div class=\"gva-element-gva-heading-block gva-element\">      <div class=\"align-left style-1 widget gsc-heading box-align-left auto-responsive\">\r\n      <div class=\"content-inner\">\r\n         \r\n                  \r\n           \r\n         \r\n                     <h2 class=\"title\">\r\n               <span>Drei Generationen Erfahrung<\/span>\r\n            <\/h2>\r\n                  \r\n         \r\n      <\/div>\r\n   <\/div>\r\n   \r\n    <\/div>\t\t<\/div>\n\t\t\t\t<\/div>\n\t\t\t\t<div class=\"elementor-element elementor-element-4faab61 elementor-widget elementor-widget-text-editor\" data-id=\"4faab61\" data-element_type=\"widget\" data-widget_type=\"text-editor.default\">\n\t\t\t\t<div class=\"elementor-widget-container\">\n\t\t\t<style>\/*! elementor - v3.23.0 - 05-08-2024 *\/\n.elementor-widget-text-editor.elementor-drop-cap-view-stacked .elementor-drop-cap{background-color:#69727d;color:#fff}.elementor-widget-text-editor.elementor-drop-cap-view-framed .elementor-drop-cap{color:#69727d;border:3px solid;background-color:transparent}.elementor-widget-text-editor:not(.elementor-drop-cap-view-default) .elementor-drop-cap{margin-top:8px}.elementor-widget-text-editor:not(.elementor-drop-cap-view-default) .elementor-drop-cap-letter{width:1em;height:1em}.elementor-widget-text-editor .elementor-drop-cap{float:left;text-align:center;line-height:1;font-size:50px}.elementor-widget-text-editor .elementor-drop-cap-letter{display:inline-block}<\/style>\t\t\t\t<p>Als Wilhelm Hartmann 1952 den Grundstein f\u00fcr das Familienunternehmen legte, sah er sicher nicht voraus, dass es sich binnen kurzer Zeit weltweit einen Namen machen w\u00fcrde.<\/p><p>Ma\u00dfgeblich beteiligt an dieser Entwicklung waren in zweiter Generation Ulrich und Werner Hartmann.<\/p><p>Nach inzwischen 60 Jahren lenkt mit Carsten Hartmann bereits die dritte Generation die Geschicke des Traditionsunternehmens.<\/p><h2>A<b>us Tradition innovativ<\/b><\/h2><p>Wir f\u00fchlen uns unserer Tradition verpflichtet, haben uns aber nie auf unseren Lorbeeren ausgeruht.\u00a0<\/p><p>Die Wilhelm Hartmann GmbH ist nicht nur stets auf dem aktuellsten Stand der Technik, sondern pr\u00e4gt selbst ma\u00dfgeblich neue Entwicklungen.<\/p><p>Darauf sind wir stolz<\/p>\t\t\t\t\t\t<\/div>\n\t\t\t\t<\/div>\n\t\t\t\t\t<\/div>\n\t\t<\/div>\n\t\t\t\t<div class=\"elementor-column elementor-col-50 elementor-top-column elementor-element elementor-element-2fe6a9a column-style-top\" data-id=\"2fe6a9a\" data-element_type=\"column\">\n\t\t\t<div class=\"elementor-widget-wrap elementor-element-populated\">\n\t\t\t\t\t\t<div class=\"elementor-element elementor-element-3a88a5f elementor-widget elementor-widget-gva-video-box\" data-id=\"3a88a5f\" data-element_type=\"widget\" data-widget_type=\"gva-video-box.default\">\n\t\t\t\t<div class=\"elementor-widget-container\">\n\t\t\t<div class=\"gva-element-gva-video-box gva-element\">\r\n         <div class=\"widget gsc-video-box clearfix style-1\">\r\n         <div class=\"video-inner\">\r\n                           <div class=\"video-image\">\r\n                  <a >\r\n                     <img decoding=\"async\" src=\"https:\/\/hartmann.zumzeigen.de\/wp-content\/uploads\/2022\/04\/uns.png\" alt=\"\"\/>\r\n                  <\/a>   \r\n               <\/div>\r\n               \r\n\r\n            <div class=\"video-content\">\r\n               <div class=\"video-action\">\r\n                    \r\n               <\/div>   \r\n            <\/div>    \r\n         <\/div>\r\n      <\/div> \r\n   \r\n   \r\n \r\n \r\n<\/div>\t\t<\/div>\n\t\t\t\t<\/div>\n\t\t\t\t\t<\/div>\n\t\t<\/div>\n\t\t\t\t\t<\/div>\n\t\t<\/section>\n\t\t\t\t<section class=\"elementor-section elementor-top-section elementor-element elementor-element-3dec102 elementor-section-boxed elementor-section-height-default elementor-section-height-default row-top\" data-id=\"3dec102\" data-element_type=\"section\" data-settings=\"{&quot;background_background&quot;:&quot;gradient&quot;}\">\n\t\t\t\t\t\t<div class=\"elementor-container elementor-column-gap-no\">\n\t\t\t\t\t<div class=\"elementor-column elementor-col-50 elementor-top-column elementor-element elementor-element-d0420a5 column-style-top\" data-id=\"d0420a5\" data-element_type=\"column\">\n\t\t\t<div class=\"elementor-widget-wrap elementor-element-populated\">\n\t\t\t\t\t\t<div class=\"elementor-element elementor-element-b371c5d elementor-widget elementor-widget-gva-image-content\" data-id=\"b371c5d\" data-element_type=\"widget\" data-widget_type=\"gva-image-content.default\">\n\t\t\t\t<div class=\"elementor-widget-container\">\n\t\t\t<div class=\"gva-element-gva-image-content gva-element\">\t\t\r\n\t  \r\n\t \r\n\t \r\n\r\n\t\t\t<div class=\"gsc-image-content skin-v4\">\r\n\t\t\t\t\t\t\t<div class=\"image\">\r\n\t\t\t\t\t<img fetchpriority=\"high\" decoding=\"async\" width=\"520\" height=\"560\" src=\"https:\/\/hartmann.zumzeigen.de\/wp-content\/uploads\/2022\/04\/g2.jpg\" class=\"attachment-full size-full wp-image-1349\" alt=\"\" \/>\t\t\t\t<\/div>\r\n\t\t\t\t\t\t<div class=\"shape-1\"><\/div>\r\n\t\t<\/div>\r\n\r\n <\/div>\t\t<\/div>\n\t\t\t\t<\/div>\n\t\t\t\t\t<\/div>\n\t\t<\/div>\n\t\t\t\t<div class=\"elementor-column elementor-col-50 elementor-top-column elementor-element elementor-element-8b4a76c column-style-top\" data-id=\"8b4a76c\" data-element_type=\"column\">\n\t\t\t<div class=\"elementor-widget-wrap elementor-element-populated\">\n\t\t\t\t\t\t<div class=\"elementor-element elementor-element-43d4ed6 elementor-widget elementor-widget-gva-heading-block\" data-id=\"43d4ed6\" data-element_type=\"widget\" data-widget_type=\"gva-heading-block.default\">\n\t\t\t\t<div class=\"elementor-widget-container\">\n\t\t\t<div class=\"gva-element-gva-heading-block gva-element\">      <div class=\"align-left style-1 widget gsc-heading box-align-left auto-responsive\">\r\n      <div class=\"content-inner\">\r\n         \r\n                              <div class=\"heading-video\">\r\n            <a class=\"video-link popup-video\" href=\"https:\/\/v.ftcdn.net\/04\/08\/83\/57\/700_F_408835763_HhQR4mF6x8bhCg6CQTzQVHbgEajVk0Zr_ST.mp4\"><i class=\"fa fa-play\"><\/i><\/a>\r\n            <\/div>\r\n         \r\n           \r\n         \r\n                     <h2 class=\"title\">\r\n               <span>Arbeiten Sie mit den besten Produkten<\/span>\r\n            <\/h2>\r\n                              <div class=\"title-desc\">Ihre Produkte sind so gut wie die Komponenten, aus denen sie bestehen. Deswegen produzieren wir f\u00fcr Sie Isolationsmaterial, das genauso langlebig und alterungsbest\u00e4ndig ist wie Ihre Elektromotoren, Transformatoren und Elektroger\u00e4te. Weltweit liefern wir als hoch spezialisiertes Familienunternehmen perfekt auf Ihren Bedarf abgestimmte gewebehaltige Isolierschl\u00e4uche.<\/div>\r\n         \r\n         \r\n      <\/div>\r\n   <\/div>\r\n   \r\n    <\/div>\t\t<\/div>\n\t\t\t\t<\/div>\n\t\t\t\t<section class=\"elementor-section elementor-inner-section elementor-element elementor-element-adc4532 elementor-section-boxed elementor-section-height-default elementor-section-height-default row-top\" data-id=\"adc4532\" data-element_type=\"section\">\n\t\t\t\t\t\t<div class=\"elementor-container elementor-column-gap-no\">\n\t\t\t\t\t<div class=\"elementor-column elementor-col-50 elementor-inner-column elementor-element elementor-element-f221653 column-style-top\" data-id=\"f221653\" data-element_type=\"column\">\n\t\t\t<div class=\"elementor-widget-wrap elementor-element-populated\">\n\t\t\t\t\t\t<div class=\"elementor-element elementor-element-e3b4f0c elementor-widget elementor-widget-gva-circle-progress\" data-id=\"e3b4f0c\" data-element_type=\"widget\" data-widget_type=\"gva-circle-progress.default\">\n\t\t\t\t<div class=\"elementor-widget-container\">\n\t\t\t<div class=\"gva-element-gva-circle-progress gva-element\">   \r\n   <div class=\"gsc-circle-progress clearfix\">\r\n      <div class=\"circle-progress\" data-value=\"0.45\"  data-thickness=\"20\" data-empty-fill=\"#EEEEEE\" data-lineCap=\"square\" data-size=\"176\" data-fill=\"{ &quot;color&quot;: &quot;#95C11F&quot; }\">\r\n         <strong><\/strong>\r\n      <\/div> \r\n               <div class=\"title\">\r\n            <span>Spezialanfertigungen<\/span>\r\n         <\/div>   \r\n         <\/div> \r\n\r\n<\/div>\t\t<\/div>\n\t\t\t\t<\/div>\n\t\t\t\t\t<\/div>\n\t\t<\/div>\n\t\t\t\t<div class=\"elementor-column elementor-col-50 elementor-inner-column elementor-element elementor-element-c8fe732 column-style-top\" data-id=\"c8fe732\" data-element_type=\"column\">\n\t\t\t<div class=\"elementor-widget-wrap elementor-element-populated\">\n\t\t\t\t\t\t<div class=\"elementor-element elementor-element-01ddf8b elementor-widget elementor-widget-gva-circle-progress\" data-id=\"01ddf8b\" data-element_type=\"widget\" data-widget_type=\"gva-circle-progress.default\">\n\t\t\t\t<div class=\"elementor-widget-container\">\n\t\t\t<div class=\"gva-element-gva-circle-progress gva-element\">   \r\n   <div class=\"gsc-circle-progress clearfix\">\r\n      <div class=\"circle-progress\" data-value=\"0.97\"  data-thickness=\"20\" data-empty-fill=\"#EEEEEE\" data-lineCap=\"square\" data-size=\"176\" data-fill=\"{ &quot;color&quot;: &quot;#95C11F&quot; }\">\r\n         <strong><\/strong>\r\n      <\/div> \r\n               <div class=\"title\">\r\n            <span>Fehlerfreie Qualit\u00e4t<\/span>\r\n         <\/div>   \r\n         <\/div> \r\n\r\n<\/div>\t\t<\/div>\n\t\t\t\t<\/div>\n\t\t\t\t\t<\/div>\n\t\t<\/div>\n\t\t\t\t\t<\/div>\n\t\t<\/section>\n\t\t\t\t\t<\/div>\n\t\t<\/div>\n\t\t\t\t\t<\/div>\n\t\t<\/section>\n\t\t\t\t<\/div>\n\t\t","protected":false},"excerpt":{"rendered":"<p>Drei Generationen Erfahrung Als Wilhelm Hartmann 1952 den Grundstein f\u00fcr das Familienunternehmen legte, sah er sicher nicht voraus, dass es sich binnen kurzer Zeit weltweit einen Namen machen w\u00fcrde. Ma\u00dfgeblich [&hellip;]<\/p>\n","protected":false},"author":1,"featured_media":0,"parent":0,"menu_order":0,"comment_status":"closed","ping_status":"closed","template":"","meta":{"footnotes":""},"class_list":["post-1516","page","type-page","status-publish","hentry"],"_links":{"self":[{"href":"https:\/\/hartmann.zumzeigen.de\/index.php?rest_route=\/wp\/v2\/pages\/1516","targetHints":{"allow":["GET"]}}],"collection":[{"href":"https:\/\/hartmann.zumzeigen.de\/index.php?rest_route=\/wp\/v2\/pages"}],"about":[{"href":"https:\/\/hartmann.zumzeigen.de\/index.php?rest_route=\/wp\/v2\/types\/page"}],"author":[{"embeddable":true,"href":"https:\/\/hartmann.zumzeigen.de\/index.php?rest_route=\/wp\/v2\/users\/1"}],"replies":[{"embeddable":true,"href":"https:\/\/hartmann.zumzeigen.de\/index.php?rest_route=%2Fwp%2Fv2%2Fcomments&post=1516"}],"version-history":[{"count":16,"href":"https:\/\/hartmann.zumzeigen.de\/index.php?rest_route=\/wp\/v2\/pages\/1516\/revisions"}],"predecessor-version":[{"id":1535,"href":"https:\/\/hartmann.zumzeigen.de\/index.php?rest_route=\/wp\/v2\/pages\/1516\/revisions\/1535"}],"wp:attachment":[{"href":"https:\/\/hartmann.zumzeigen.de\/index.php?rest_route=%2Fwp%2Fv2%2Fmedia&parent=1516"}],"curies":[{"name":"wp","href":"https:\/\/api.w.org\/{rel}","templated":true}]}}